{"id":28075,"date":"2024-03-06T23:22:58","date_gmt":"2024-03-06T23:22:58","guid":{"rendered":"https:\/\/www1.ikiam.edu.ec\/mastozoologia\/?page_id=28075"},"modified":"2024-03-07T16:46:47","modified_gmt":"2024-03-07T16:46:47","slug":"publicaciones","status":"publish","type":"page","link":"https:\/\/www1.ikiam.edu.ec\/mastozoologia\/index.php\/publicaciones\/","title":{"rendered":"Publicaciones"},"content":{"rendered":"\t\t<div data-elementor-type=\"wp-page\" data-elementor-id=\"28075\" class=\"elementor elementor-28075\" data-elementor-settings=\"[]\">\n\t\t\t\t\t\t\t<div class=\"elementor-section-wrap\">\n\t\t\t\t\t\t\t<section class=\"elementor-section elementor-top-section elementor-element elementor-element-cebd411 elementor-section-boxed elementor-section-height-default elementor-section-height-default\" data-id=\"cebd411\" data-element_type=\"section\">\n\t\t\t\t\t\t<div class=\"elementor-container elementor-column-gap-default\">\n\t\t\t\t\t<div class=\"elementor-column elementor-col-100 elementor-top-column elementor-element elementor-element-26d4337\" data-id=\"26d4337\" data-element_type=\"column\">\n\t\t\t<div class=\"elementor-widget-wrap elementor-element-populated\">\n\t\t\t\t\t\t\t\t<div class=\"elementor-element elementor-element-c0d39ac elementor-widget elementor-widget-heading\" data-id=\"c0d39ac\" data-element_type=\"widget\" data-widget_type=\"heading.default\">\n\t\t\t\t<div class=\"elementor-widget-container\">\n\t\t\t<style>\/*! elementor - v3.5.6 - 28-02-2022 *\/\n.elementor-heading-title{padding:0;margin:0;line-height:1}.elementor-widget-heading .elementor-heading-title[class*=elementor-size-]>a{color:inherit;font-size:inherit;line-height:inherit}.elementor-widget-heading .elementor-heading-title.elementor-size-small{font-size:15px}.elementor-widget-heading .elementor-heading-title.elementor-size-medium{font-size:19px}.elementor-widget-heading .elementor-heading-title.elementor-size-large{font-size:29px}.elementor-widget-heading .elementor-heading-title.elementor-size-xl{font-size:39px}.elementor-widget-heading .elementor-heading-title.elementor-size-xxl{font-size:59px}<\/style><h2 class=\"elementor-heading-title elementor-size-default\">Publicaciones <\/h2>\t\t<\/div>\n\t\t\t\t<\/div>\n\t\t\t\t<div class=\"elementor-element elementor-element-eb17a3a elementor-widget elementor-widget-spacer\" data-id=\"eb17a3a\" data-element_type=\"widget\" data-widget_type=\"spacer.default\">\n\t\t\t\t<div class=\"elementor-widget-container\">\n\t\t\t\t\t<div class=\"elementor-spacer\">\n\t\t\t<div class=\"elementor-spacer-inner\"><\/div>\n\t\t<\/div>\n\t\t\t\t<\/div>\n\t\t\t\t<\/div>\n\t\t\t\t\t<\/div>\n\t\t<\/div>\n\t\t\t\t\t\t\t<\/div>\n\t\t<\/section>\n\t\t\t\t<section class=\"elementor-section elementor-top-section elementor-element elementor-element-d514db7 elementor-section-boxed elementor-section-height-default elementor-section-height-default\" data-id=\"d514db7\" data-element_type=\"section\">\n\t\t\t\t\t\t<div class=\"elementor-container elementor-column-gap-default\">\n\t\t\t\t\t<div class=\"elementor-column elementor-col-50 elementor-top-column elementor-element elementor-element-b0094bf\" data-id=\"b0094bf\" data-element_type=\"column\">\n\t\t\t<div class=\"elementor-widget-wrap elementor-element-populated\">\n\t\t\t\t\t\t\t\t<section class=\"elementor-section elementor-inner-section elementor-element elementor-element-47af3cc elementor-section-boxed elementor-section-height-default elementor-section-height-default\" data-id=\"47af3cc\" data-element_type=\"section\">\n\t\t\t\t\t\t<div class=\"elementor-container elementor-column-gap-default\">\n\t\t\t\t\t<div class=\"elementor-column elementor-col-100 elementor-inner-column elementor-element elementor-element-36a03fb\" data-id=\"36a03fb\" data-element_type=\"column\">\n\t\t\t<div class=\"elementor-widget-wrap elementor-element-populated\">\n\t\t\t\t\t\t\t\t<div class=\"elementor-element elementor-element-00df90e elementor-widget elementor-widget-image\" data-id=\"00df90e\" data-element_type=\"widget\" data-widget_type=\"image.default\">\n\t\t\t\t<div class=\"elementor-widget-container\">\n\t\t\t<style>\/*! elementor - v3.5.6 - 28-02-2022 *\/\n.elementor-widget-image{text-align:center}.elementor-widget-image a{display:inline-block}.elementor-widget-image a img[src$=\".svg\"]{width:48px}.elementor-widget-image img{vertical-align:middle;display:inline-block}<\/style>\t\t\t\t\t\t\t\t\t\t\t\t<img loading=\"lazy\" decoding=\"async\" width=\"494\" height=\"720\" src=\"https:\/\/www1.ikiam.edu.ec\/mastozoologia\/wp-content\/uploads\/2024\/03\/Portada.png\" class=\"attachment-large size-large\" alt=\"\" \/>\t\t\t\t\t\t\t\t\t\t\t\t\t\t\t<\/div>\n\t\t\t\t<\/div>\n\t\t\t\t\t<\/div>\n\t\t<\/div>\n\t\t\t\t\t\t\t<\/div>\n\t\t<\/section>\n\t\t\t\t\t<\/div>\n\t\t<\/div>\n\t\t\t\t<div class=\"elementor-column elementor-col-50 elementor-top-column elementor-element elementor-element-c139cbc\" data-id=\"c139cbc\" data-element_type=\"column\">\n\t\t\t<div class=\"elementor-widget-wrap elementor-element-populated\">\n\t\t\t\t\t\t\t\t<div class=\"elementor-element elementor-element-ba425ed elementor-widget elementor-widget-heading\" data-id=\"ba425ed\" data-element_type=\"widget\" data-widget_type=\"heading.default\">\n\t\t\t\t<div class=\"elementor-widget-container\">\n\t\t\t<h2 class=\"elementor-heading-title elementor-size-default\">Publicaci\u00f3n de res\u00famenes<\/h2>\t\t<\/div>\n\t\t\t\t<\/div>\n\t\t\t\t<div class=\"elementor-element elementor-element-2dd3cf4 elementor-widget elementor-widget-text-editor\" data-id=\"2dd3cf4\" data-element_type=\"widget\" data-widget_type=\"text-editor.default\">\n\t\t\t\t<div class=\"elementor-widget-container\">\n\t\t\t<style>\/*! elementor - v3.5.6 - 28-02-2022 *\/\n.elementor-widget-text-editor.elementor-drop-cap-view-stacked .elementor-drop-cap{background-color:#818a91;color:#fff}.elementor-widget-text-editor.elementor-drop-cap-view-framed .elementor-drop-cap{color:#818a91;border:3px solid;background-color:transparent}.elementor-widget-text-editor:not(.elementor-drop-cap-view-default) .elementor-drop-cap{margin-top:8px}.elementor-widget-text-editor:not(.elementor-drop-cap-view-default) .elementor-drop-cap-letter{width:1em;height:1em}.elementor-widget-text-editor .elementor-drop-cap{float:left;text-align:center;line-height:1;font-size:50px}.elementor-widget-text-editor .elementor-drop-cap-letter{display:inline-block}<\/style>\t\t\t\t<p>Los res\u00famenes se publicar\u00e1n de dos formatos, seg\u00fan se indica:<br \/><br \/>1. Todos los trabajos sobre mastozoolog\u00eda se publicar\u00e1n como un suplemento especial en la revista cient\u00edfica\u00a0<em>Mammalia aequatorialis<\/em>\u00a0(ISSN: 2697-3286)<\/p><p>2. Los trabajos no relacionados con la mastozoolog\u00eda se publicar\u00e1n en un libro de res\u00famenes, como lo hemos venido haciendo, con su propio ISSN (2697-3448).<br \/><br \/>En ambos casos, los c\u00f3digos ISSN han sido otorgados por la SENESCYT y el Centro Internacional de Registro de Publicaciones en Serie. Los res\u00famenes estar\u00e1n disponibles para su descarga en formato digital d\u00edas antes del inicio de los congresos.<\/p>\t\t\t\t\t\t<\/div>\n\t\t\t\t<\/div>\n\t\t\t\t<div class=\"elementor-element elementor-element-043e633 elementor-align-left elementor-widget elementor-widget-button\" data-id=\"043e633\" data-element_type=\"widget\" data-widget_type=\"button.default\">\n\t\t\t\t<div class=\"elementor-widget-container\">\n\t\t\t\t\t<div class=\"elementor-button-wrapper\">\n\t\t\t<a href=\"https:\/\/mammalia-aequatorialis.org\/index.php\/boletin\" target=\"_blank\" class=\"elementor-button-link elementor-button elementor-size-xs\" role=\"button\">\n\t\t\t\t\t\t<span class=\"elementor-button-content-wrapper\">\n\t\t\t\t\t\t<span class=\"elementor-button-text\">Revista<\/span>\n\t\t<\/span>\n\t\t\t\t\t<\/a>\n\t\t<\/div>\n\t\t\t\t<\/div>\n\t\t\t\t<\/div>\n\t\t\t\t<div class=\"elementor-element elementor-element-ee580a6 elementor-widget elementor-widget-spacer\" data-id=\"ee580a6\" data-element_type=\"widget\" data-widget_type=\"spacer.default\">\n\t\t\t\t<div class=\"elementor-widget-container\">\n\t\t\t\t\t<div class=\"elementor-spacer\">\n\t\t\t<div class=\"elementor-spacer-inner\"><\/div>\n\t\t<\/div>\n\t\t\t\t<\/div>\n\t\t\t\t<\/div>\n\t\t\t\t<div class=\"elementor-element elementor-element-e226703 elementor-widget elementor-widget-heading\" data-id=\"e226703\" data-element_type=\"widget\" data-widget_type=\"heading.default\">\n\t\t\t\t<div class=\"elementor-widget-container\">\n\t\t\t<h2 class=\"elementor-heading-title elementor-size-default\">Publicaci\u00f3n trabajos<\/h2>\t\t<\/div>\n\t\t\t\t<\/div>\n\t\t\t\t<div class=\"elementor-element elementor-element-488bb47 elementor-widget elementor-widget-text-editor\" data-id=\"488bb47\" data-element_type=\"widget\" data-widget_type=\"text-editor.default\">\n\t\t\t\t<div class=\"elementor-widget-container\">\n\t\t\t\t\t\t\t<p>Los expositores y autores que deseen publicar los manuscritos completos de sus trabajos, en formato cient\u00edfico, pueden optar sin costo alguno por la siguiente opci\u00f3n:<\/p>\t\t\t\t\t\t<\/div>\n\t\t\t\t<\/div>\n\t\t\t\t<div class=\"elementor-element elementor-element-8efdc80 elementor-widget elementor-widget-heading\" data-id=\"8efdc80\" data-element_type=\"widget\" data-widget_type=\"heading.default\">\n\t\t\t\t<div class=\"elementor-widget-container\">\n\t\t\t<h2 class=\"elementor-heading-title elementor-size-default\">Revista Mammalia aequatorialis:\n\n  <\/h2>\t\t<\/div>\n\t\t\t\t<\/div>\n\t\t\t\t<div class=\"elementor-element elementor-element-e7956ef elementor-widget elementor-widget-text-editor\" data-id=\"e7956ef\" data-element_type=\"widget\" data-widget_type=\"text-editor.default\">\n\t\t\t\t<div class=\"elementor-widget-container\">\n\t\t\t\t\t\t\t<p>\u00a0ISSN 2697-3286. Revista cient\u00edfica arbitrada de la Asociaci\u00f3n Ecuatoriana de Mastozoolog\u00eda. Acepta trabajos relacionados con mam\u00edferos en cualquier \u00e1rea de su conocimiento. Las bases para el env\u00edo de manuscritos se encuentran disponibles en el siguiente enlace:\u00a0<\/p>\t\t\t\t\t\t<\/div>\n\t\t\t\t<\/div>\n\t\t\t\t<div class=\"elementor-element elementor-element-21dbac7 elementor-widget elementor-widget-button\" data-id=\"21dbac7\" data-element_type=\"widget\" data-widget_type=\"button.default\">\n\t\t\t\t<div class=\"elementor-widget-container\">\n\t\t\t\t\t<div class=\"elementor-button-wrapper\">\n\t\t\t<a href=\"https:\/\/mammalia-aequatorialis.org\/index.php\/boletin\/about\/submissions\" target=\"_blank\" class=\"elementor-button-link elementor-button elementor-size-xs\" role=\"button\">\n\t\t\t\t\t\t<span class=\"elementor-button-content-wrapper\">\n\t\t\t\t\t\t<span class=\"elementor-button-text\">Bases para el envi\u00f3 de manuscritos<\/span>\n\t\t<\/span>\n\t\t\t\t\t<\/a>\n\t\t<\/div>\n\t\t\t\t<\/div>\n\t\t\t\t<\/div>\n\t\t\t\t\t<\/div>\n\t\t<\/div>\n\t\t\t\t\t\t\t<\/div>\n\t\t<\/section>\n\t\t\t\t\t\t<\/div>\n\t\t\t\t\t<\/div>\n\t\t","protected":false},"excerpt":{"rendered":"<p>Publicaciones Publicaci\u00f3n de res\u00famenes Los res\u00famenes se publicar\u00e1n de dos formatos, seg\u00fan se indica: 1. Todos los trabajos sobre mastozoolog\u00eda se publicar\u00e1n como un suplemento especial en la revista cient\u00edfica\u00a0Mammalia aequatorialis\u00a0(ISSN: 2697-3286) 2. Los trabajos no relacionados con la mastozoolog\u00eda se publicar\u00e1n en un libro de res\u00famenes, como lo hemos venido haciendo, con su propio [&hellip;]<\/p>\n","protected":false},"author":16,"featured_media":0,"parent":0,"menu_order":0,"comment_status":"closed","ping_status":"closed","template":"elementor_header_footer","meta":{"footnotes":""},"class_list":["post-28075","page","type-page","status-publish","hentry"],"yoast_head":"<!-- This site is optimized with the Yoast SEO plugin v25.9 - https:\/\/yoast.com\/wordpress\/plugins\/seo\/ -->\n<title>Publicaciones - Universidad Regional Amaz\u00f3nica Ikiam<\/title>\n<meta name=\"description\" content=\"X CONGRESO INTERNACIONAL DE INVESTIGACI\u00d3N DE LA RED ECUATORIANA DEUNIVERSIDADES Y ESCUELAS POLIT\u00c9CNICAS PARA INVESTIGACI\u00d3N Y POSGRADO.\" \/>\n<meta name=\"robots\" content=\"index, follow, max-snippet:-1, max-image-preview:large, max-video-preview:-1\" \/>\n<link rel=\"canonical\" href=\"https:\/\/www.ikiam.edu.ec\/mastozoologia\/index.php\/publicaciones\/\" \/>\n<meta property=\"og:locale\" content=\"es_ES\" \/>\n<meta property=\"og:type\" content=\"article\" \/>\n<meta property=\"og:title\" content=\"Publicaciones - Universidad Regional Amaz\u00f3nica Ikiam\" \/>\n<meta property=\"og:description\" content=\"X CONGRESO INTERNACIONAL DE INVESTIGACI\u00d3N DE LA RED ECUATORIANA DEUNIVERSIDADES Y ESCUELAS POLIT\u00c9CNICAS PARA INVESTIGACI\u00d3N Y POSGRADO.\" \/>\n<meta property=\"og:url\" content=\"https:\/\/www.ikiam.edu.ec\/mastozoologia\/index.php\/publicaciones\/\" \/>\n<meta property=\"og:site_name\" content=\"Universidad Regional Amaz\u00f3nica Ikiam\" \/>\n<meta property=\"article:publisher\" content=\"https:\/\/www.facebook.com\/IkiamOficial\/\" \/>\n<meta property=\"article:modified_time\" content=\"2024-03-07T16:46:47+00:00\" \/>\n<meta property=\"og:image\" content=\"https:\/\/www.ikiam.edu.ec\/mastozoologia\/wp-content\/uploads\/2024\/03\/Portada.png\" \/>\n<meta name=\"twitter:card\" content=\"summary_large_image\" \/>\n<meta name=\"twitter:site\" content=\"@u_ikiam\" \/>\n<meta name=\"twitter:label1\" content=\"Tiempo de lectura\" \/>\n\t<meta name=\"twitter:data1\" content=\"1 minuto\" \/>\n<script type=\"application\/ld+json\" class=\"yoast-schema-graph\">{\"@context\":\"https:\/\/schema.org\",\"@graph\":[{\"@type\":\"WebPage\",\"@id\":\"https:\/\/www.ikiam.edu.ec\/mastozoologia\/index.php\/publicaciones\/\",\"url\":\"https:\/\/www.ikiam.edu.ec\/mastozoologia\/index.php\/publicaciones\/\",\"name\":\"Publicaciones - Universidad Regional Amaz\u00f3nica Ikiam\",\"isPartOf\":{\"@id\":\"https:\/\/www.ikiam.edu.ec\/mastozoologia\/#website\"},\"primaryImageOfPage\":{\"@id\":\"https:\/\/www.ikiam.edu.ec\/mastozoologia\/index.php\/publicaciones\/#primaryimage\"},\"image\":{\"@id\":\"https:\/\/www.ikiam.edu.ec\/mastozoologia\/index.php\/publicaciones\/#primaryimage\"},\"thumbnailUrl\":\"https:\/\/www1.ikiam.edu.ec\/mastozoologia\/wp-content\/uploads\/2024\/03\/Portada.png\",\"datePublished\":\"2024-03-06T23:22:58+00:00\",\"dateModified\":\"2024-03-07T16:46:47+00:00\",\"description\":\"X CONGRESO INTERNACIONAL DE INVESTIGACI\u00d3N DE LA RED ECUATORIANA DEUNIVERSIDADES Y ESCUELAS POLIT\u00c9CNICAS PARA INVESTIGACI\u00d3N Y POSGRADO.\",\"breadcrumb\":{\"@id\":\"https:\/\/www.ikiam.edu.ec\/mastozoologia\/index.php\/publicaciones\/#breadcrumb\"},\"inLanguage\":\"es\",\"potentialAction\":[{\"@type\":\"ReadAction\",\"target\":[\"https:\/\/www.ikiam.edu.ec\/mastozoologia\/index.php\/publicaciones\/\"]}]},{\"@type\":\"ImageObject\",\"inLanguage\":\"es\",\"@id\":\"https:\/\/www.ikiam.edu.ec\/mastozoologia\/index.php\/publicaciones\/#primaryimage\",\"url\":\"https:\/\/www1.ikiam.edu.ec\/mastozoologia\/wp-content\/uploads\/2024\/03\/Portada.png\",\"contentUrl\":\"https:\/\/www1.ikiam.edu.ec\/mastozoologia\/wp-content\/uploads\/2024\/03\/Portada.png\",\"width\":494,\"height\":720},{\"@type\":\"BreadcrumbList\",\"@id\":\"https:\/\/www.ikiam.edu.ec\/mastozoologia\/index.php\/publicaciones\/#breadcrumb\",\"itemListElement\":[{\"@type\":\"ListItem\",\"position\":1,\"name\":\"La Universidad\",\"item\":\"https:\/\/www.ikiam.edu.ec\/mastozoologia\/\"},{\"@type\":\"ListItem\",\"position\":2,\"name\":\"Publicaciones\"}]},{\"@type\":\"WebSite\",\"@id\":\"https:\/\/www.ikiam.edu.ec\/mastozoologia\/#website\",\"url\":\"https:\/\/www.ikiam.edu.ec\/mastozoologia\/\",\"name\":\"Universidad Regional Amaz\u00f3nica Ikiam\",\"description\":\"La Universidad del futuro sostenible\",\"publisher\":{\"@id\":\"https:\/\/www.ikiam.edu.ec\/mastozoologia\/#organization\"},\"potentialAction\":[{\"@type\":\"SearchAction\",\"target\":{\"@type\":\"EntryPoint\",\"urlTemplate\":\"https:\/\/www.ikiam.edu.ec\/mastozoologia\/?s={search_term_string}\"},\"query-input\":{\"@type\":\"PropertyValueSpecification\",\"valueRequired\":true,\"valueName\":\"search_term_string\"}}],\"inLanguage\":\"es\"},{\"@type\":\"Organization\",\"@id\":\"https:\/\/www.ikiam.edu.ec\/mastozoologia\/#organization\",\"name\":\"Universidad Regional Amaz\u00f3nica Ikiam\",\"url\":\"https:\/\/www.ikiam.edu.ec\/mastozoologia\/\",\"logo\":{\"@type\":\"ImageObject\",\"inLanguage\":\"es\",\"@id\":\"https:\/\/www.ikiam.edu.ec\/mastozoologia\/#\/schema\/logo\/image\/\",\"url\":\"https:\/\/web.ikiam.edu.ec\/wp-content\/uploads\/2021\/12\/logo-ikiam2.png\",\"contentUrl\":\"https:\/\/web.ikiam.edu.ec\/wp-content\/uploads\/2021\/12\/logo-ikiam2.png\",\"width\":300,\"height\":130,\"caption\":\"Universidad Regional Amaz\u00f3nica Ikiam\"},\"image\":{\"@id\":\"https:\/\/www.ikiam.edu.ec\/mastozoologia\/#\/schema\/logo\/image\/\"},\"sameAs\":[\"https:\/\/www.facebook.com\/IkiamOficial\/\",\"https:\/\/x.com\/u_ikiam\",\"https:\/\/www.instagram.com\/u_ikiam\/\",\"https:\/\/www.youtube.com\/channel\/UCOnWPlWTfhNG6gjtN6anDtQ\"]}]}<\/script>\n<!-- \/ Yoast SEO plugin. -->","yoast_head_json":{"title":"Publicaciones - Universidad Regional Amaz\u00f3nica Ikiam","description":"X CONGRESO INTERNACIONAL DE INVESTIGACI\u00d3N DE LA RED ECUATORIANA DEUNIVERSIDADES Y ESCUELAS POLIT\u00c9CNICAS PARA INVESTIGACI\u00d3N Y POSGRADO.","robots":{"index":"index","follow":"follow","max-snippet":"max-snippet:-1","max-image-preview":"max-image-preview:large","max-video-preview":"max-video-preview:-1"},"canonical":"https:\/\/www.ikiam.edu.ec\/mastozoologia\/index.php\/publicaciones\/","og_locale":"es_ES","og_type":"article","og_title":"Publicaciones - Universidad Regional Amaz\u00f3nica Ikiam","og_description":"X CONGRESO INTERNACIONAL DE INVESTIGACI\u00d3N DE LA RED ECUATORIANA DEUNIVERSIDADES Y ESCUELAS POLIT\u00c9CNICAS PARA INVESTIGACI\u00d3N Y POSGRADO.","og_url":"https:\/\/www.ikiam.edu.ec\/mastozoologia\/index.php\/publicaciones\/","og_site_name":"Universidad Regional Amaz\u00f3nica Ikiam","article_publisher":"https:\/\/www.facebook.com\/IkiamOficial\/","article_modified_time":"2024-03-07T16:46:47+00:00","og_image":[{"url":"https:\/\/www.ikiam.edu.ec\/mastozoologia\/wp-content\/uploads\/2024\/03\/Portada.png","type":"","width":"","height":""}],"twitter_card":"summary_large_image","twitter_site":"@u_ikiam","twitter_misc":{"Tiempo de lectura":"1 minuto"},"schema":{"@context":"https:\/\/schema.org","@graph":[{"@type":"WebPage","@id":"https:\/\/www.ikiam.edu.ec\/mastozoologia\/index.php\/publicaciones\/","url":"https:\/\/www.ikiam.edu.ec\/mastozoologia\/index.php\/publicaciones\/","name":"Publicaciones - Universidad Regional Amaz\u00f3nica Ikiam","isPartOf":{"@id":"https:\/\/www.ikiam.edu.ec\/mastozoologia\/#website"},"primaryImageOfPage":{"@id":"https:\/\/www.ikiam.edu.ec\/mastozoologia\/index.php\/publicaciones\/#primaryimage"},"image":{"@id":"https:\/\/www.ikiam.edu.ec\/mastozoologia\/index.php\/publicaciones\/#primaryimage"},"thumbnailUrl":"https:\/\/www1.ikiam.edu.ec\/mastozoologia\/wp-content\/uploads\/2024\/03\/Portada.png","datePublished":"2024-03-06T23:22:58+00:00","dateModified":"2024-03-07T16:46:47+00:00","description":"X CONGRESO INTERNACIONAL DE INVESTIGACI\u00d3N DE LA RED ECUATORIANA DEUNIVERSIDADES Y ESCUELAS POLIT\u00c9CNICAS PARA INVESTIGACI\u00d3N Y POSGRADO.","breadcrumb":{"@id":"https:\/\/www.ikiam.edu.ec\/mastozoologia\/index.php\/publicaciones\/#breadcrumb"},"inLanguage":"es","potentialAction":[{"@type":"ReadAction","target":["https:\/\/www.ikiam.edu.ec\/mastozoologia\/index.php\/publicaciones\/"]}]},{"@type":"ImageObject","inLanguage":"es","@id":"https:\/\/www.ikiam.edu.ec\/mastozoologia\/index.php\/publicaciones\/#primaryimage","url":"https:\/\/www1.ikiam.edu.ec\/mastozoologia\/wp-content\/uploads\/2024\/03\/Portada.png","contentUrl":"https:\/\/www1.ikiam.edu.ec\/mastozoologia\/wp-content\/uploads\/2024\/03\/Portada.png","width":494,"height":720},{"@type":"BreadcrumbList","@id":"https:\/\/www.ikiam.edu.ec\/mastozoologia\/index.php\/publicaciones\/#breadcrumb","itemListElement":[{"@type":"ListItem","position":1,"name":"La Universidad","item":"https:\/\/www.ikiam.edu.ec\/mastozoologia\/"},{"@type":"ListItem","position":2,"name":"Publicaciones"}]},{"@type":"WebSite","@id":"https:\/\/www.ikiam.edu.ec\/mastozoologia\/#website","url":"https:\/\/www.ikiam.edu.ec\/mastozoologia\/","name":"Universidad Regional Amaz\u00f3nica Ikiam","description":"La Universidad del futuro sostenible","publisher":{"@id":"https:\/\/www.ikiam.edu.ec\/mastozoologia\/#organization"},"potentialAction":[{"@type":"SearchAction","target":{"@type":"EntryPoint","urlTemplate":"https:\/\/www.ikiam.edu.ec\/mastozoologia\/?s={search_term_string}"},"query-input":{"@type":"PropertyValueSpecification","valueRequired":true,"valueName":"search_term_string"}}],"inLanguage":"es"},{"@type":"Organization","@id":"https:\/\/www.ikiam.edu.ec\/mastozoologia\/#organization","name":"Universidad Regional Amaz\u00f3nica Ikiam","url":"https:\/\/www.ikiam.edu.ec\/mastozoologia\/","logo":{"@type":"ImageObject","inLanguage":"es","@id":"https:\/\/www.ikiam.edu.ec\/mastozoologia\/#\/schema\/logo\/image\/","url":"https:\/\/web.ikiam.edu.ec\/wp-content\/uploads\/2021\/12\/logo-ikiam2.png","contentUrl":"https:\/\/web.ikiam.edu.ec\/wp-content\/uploads\/2021\/12\/logo-ikiam2.png","width":300,"height":130,"caption":"Universidad Regional Amaz\u00f3nica Ikiam"},"image":{"@id":"https:\/\/www.ikiam.edu.ec\/mastozoologia\/#\/schema\/logo\/image\/"},"sameAs":["https:\/\/www.facebook.com\/IkiamOficial\/","https:\/\/x.com\/u_ikiam","https:\/\/www.instagram.com\/u_ikiam\/","https:\/\/www.youtube.com\/channel\/UCOnWPlWTfhNG6gjtN6anDtQ"]}]}},"_links":{"self":[{"href":"https:\/\/www1.ikiam.edu.ec\/mastozoologia\/index.php\/wp-json\/wp\/v2\/pages\/28075","targetHints":{"allow":["GET"]}}],"collection":[{"href":"https:\/\/www1.ikiam.edu.ec\/mastozoologia\/index.php\/wp-json\/wp\/v2\/pages"}],"about":[{"href":"https:\/\/www1.ikiam.edu.ec\/mastozoologia\/index.php\/wp-json\/wp\/v2\/types\/page"}],"author":[{"embeddable":true,"href":"https:\/\/www1.ikiam.edu.ec\/mastozoologia\/index.php\/wp-json\/wp\/v2\/users\/16"}],"replies":[{"embeddable":true,"href":"https:\/\/www1.ikiam.edu.ec\/mastozoologia\/index.php\/wp-json\/wp\/v2\/comments?post=28075"}],"version-history":[{"count":23,"href":"https:\/\/www1.ikiam.edu.ec\/mastozoologia\/index.php\/wp-json\/wp\/v2\/pages\/28075\/revisions"}],"predecessor-version":[{"id":28219,"href":"https:\/\/www1.ikiam.edu.ec\/mastozoologia\/index.php\/wp-json\/wp\/v2\/pages\/28075\/revisions\/28219"}],"wp:attachment":[{"href":"https:\/\/www1.ikiam.edu.ec\/mastozoologia\/index.php\/wp-json\/wp\/v2\/media?parent=28075"}],"curies":[{"name":"wp","href":"https:\/\/api.w.org\/{rel}","templated":true}]}}